{"id":8,"date":"2019-03-28T14:39:58","date_gmt":"2019-03-28T17:39:58","guid":{"rendered":"http:\/\/localhost\/atualiza-psi\/?page_id=8"},"modified":"2020-04-09T14:42:30","modified_gmt":"2020-04-09T17:42:30","slug":"sobre","status":"publish","type":"page","link":"https:\/\/atualizapsi.com.br\/pt\/sobre\/","title":{"rendered":"Sobre"},"content":{"rendered":"<p>Somos\u00a0o <strong>primeiro portal online de Psicologia Baseada em Evid\u00eancias em l\u00edngua portuguesa<\/strong> e nosso <strong>objetivo<\/strong> \u00e9 te manter sempre atualizado com o que h\u00e1 de mais recente na ci\u00eancia psicol\u00f3gica contribuindo desta forma para que voc\u00ea possa prestar servi\u00e7os da mais alta qualidade para seus clientes \/ pacientes.<\/p>\n<p><strong>O que \u00e9 a Psicologia Baseada em Evid\u00eancias (PBE)?<\/strong><\/p>\n<p>A pr\u00e1tica da psicologia baseada em evid\u00eancias consiste em utilizar <strong>os melhores conhecimentos cient\u00edficos<\/strong> dispon\u00edveis para nortear suas <strong>decis\u00f5es cl\u00ednicas<\/strong>. Este paradigma \u00e9 baseado em um <strong>trip\u00e9<\/strong>, no qual as <strong>condutas terap\u00eauticas<\/strong> devem ser ponderadas com base na <strong>experi\u00eancia do profissional<\/strong>, nas <strong>opini\u00f5es\/valores dos clientes\/ pacientes<\/strong> e os achados dos <strong>principais estudos<\/strong> na \u00e1rea de conhecimento em quest\u00e3o. Neste <strong><a href=\"https:\/\/atualizapsi.com.br\/entrevistas\/atualizapsi-entrevista-psic-jan-luiz-leonardi-pratica-baseada-em-evidencias\/\">v\u00eddeo<\/a><\/strong>, voc\u00ea pode saber mais sobre a PBE.<\/p>\n<p>Desta forma, <strong>priorizamos<\/strong> divulgar no portal as pesquisas que t\u00eam os <strong>n\u00edveis mais altos de qualidade de evid\u00eancia cient\u00edfica<\/strong>, tais como as pesquisas de <strong>revis\u00e3o sistem\u00e1tica<\/strong> e <strong>ensaios cl\u00ednicos randomizados<\/strong>.<\/p>\n<p><strong>Cadastre-se<\/strong>, escolha uma das assinaturas dispon\u00edveis e tenha acesso a artigos, pesquisas, entrevistas, not\u00edcias e tudo relacionado \u00e0 psicologia cient\u00edfica em uma linguagem descomplicada que visa te auxiliar a colocar em pr\u00e1tica a Psicologia Baseada em Evid\u00eancias. Mantenha-se bem informado(a) conosco!<\/p>","protected":false},"excerpt":{"rendered":"<p>Somos\u00a0o primeiro portal online de Psicologia Baseada em Evid\u00eancias em l\u00edngua portuguesa e nosso objetivo \u00e9 te manter sempre atualizado com o que h\u00e1 de mais recente na ci\u00eancia psicol\u00f3gica contribuindo desta forma para que voc\u00ea possa prestar servi\u00e7os da mais alta qualidade para seus clientes \/ pacientes. O que \u00e9 a Psicologia Baseada em [&hellip;]<\/p>\n","protected":false},"author":1,"featured_media":41,"parent":0,"menu_order":0,"comment_status":"closed","ping_status":"closed","template":"","meta":{"footnotes":""},"_links":{"self":[{"href":"https:\/\/atualizapsi.com.br\/pt\/wp-json\/wp\/v2\/pages\/8"}],"collection":[{"href":"https:\/\/atualizapsi.com.br\/pt\/wp-json\/wp\/v2\/pages"}],"about":[{"href":"https:\/\/atualizapsi.com.br\/pt\/wp-json\/wp\/v2\/types\/page"}],"author":[{"embeddable":true,"href":"https:\/\/atualizapsi.com.br\/pt\/wp-json\/wp\/v2\/users\/1"}],"replies":[{"embeddable":true,"href":"https:\/\/atualizapsi.com.br\/pt\/wp-json\/wp\/v2\/comments?post=8"}],"version-history":[{"count":0,"href":"https:\/\/atualizapsi.com.br\/pt\/wp-json\/wp\/v2\/pages\/8\/revisions"}],"wp:featuredmedia":[{"embeddable":true,"href":"https:\/\/atualizapsi.com.br\/pt\/wp-json\/wp\/v2\/media\/41"}],"wp:attachment":[{"href":"https:\/\/atualizapsi.com.br\/pt\/wp-json\/wp\/v2\/media?parent=8"}],"curies":[{"name":"wp","href":"https:\/\/api.w.org\/{rel}","templated":true}]}}