{"id":16,"date":"2019-03-28T14:41:00","date_gmt":"2019-03-28T17:41:00","guid":{"rendered":"http:\/\/localhost\/atualiza-psi\/?page_id=16"},"modified":"2019-12-03T09:19:05","modified_gmt":"2019-12-03T12:19:05","slug":"fale-conosco","status":"publish","type":"page","link":"https:\/\/atualizapsi.com.br\/pt\/fale-conosco\/","title":{"rendered":"Fale Conosco"},"content":{"rendered":"<p><span style=\"color: #000000;\">Preencha o formul\u00e1rio abaixo e entre em contacto conosco. Voc\u00ea ser\u00e1 respondido em no m\u00e1ximo 24 horas.<\/span><\/p>","protected":false},"excerpt":{"rendered":"<p>Preencha o formul\u00e1rio abaixo e entre em contacto conosco. Voc\u00ea ser\u00e1 respondido em no m\u00e1ximo 24 horas.<\/p>\n","protected":false},"author":1,"featured_media":59,"parent":0,"menu_order":0,"comment_status":"closed","ping_status":"closed","template":"","meta":{"footnotes":""},"_links":{"self":[{"href":"https:\/\/atualizapsi.com.br\/pt\/wp-json\/wp\/v2\/pages\/16"}],"collection":[{"href":"https:\/\/atualizapsi.com.br\/pt\/wp-json\/wp\/v2\/pages"}],"about":[{"href":"https:\/\/atualizapsi.com.br\/pt\/wp-json\/wp\/v2\/types\/page"}],"author":[{"embeddable":true,"href":"https:\/\/atualizapsi.com.br\/pt\/wp-json\/wp\/v2\/users\/1"}],"replies":[{"embeddable":true,"href":"https:\/\/atualizapsi.com.br\/pt\/wp-json\/wp\/v2\/comments?post=16"}],"version-history":[{"count":0,"href":"https:\/\/atualizapsi.com.br\/pt\/wp-json\/wp\/v2\/pages\/16\/revisions"}],"wp:featuredmedia":[{"embeddable":true,"href":"https:\/\/atualizapsi.com.br\/pt\/wp-json\/wp\/v2\/media\/59"}],"wp:attachment":[{"href":"https:\/\/atualizapsi.com.br\/pt\/wp-json\/wp\/v2\/media?parent=16"}],"curies":[{"name":"wp","href":"https:\/\/api.w.org\/{rel}","templated":true}]}}