{"id":12,"date":"2019-03-28T14:40:36","date_gmt":"2019-03-28T17:40:36","guid":{"rendered":"http:\/\/localhost\/atualiza-psi\/?page_id=12"},"modified":"2020-03-30T17:51:25","modified_gmt":"2020-03-30T20:51:25","slug":"planos","status":"publish","type":"page","link":"https:\/\/atualizapsi.com.br\/pt\/planos\/","title":{"rendered":"Planos"},"content":{"rendered":"<p style=\"text-align: left;\"><span style=\"color: #000000;\">Aqui voc\u00ea pode escolher o plano de assinatura que mais lhe agradar e assim ter acesso ilimitado a artigos de revis\u00e3o, entrevistas em v\u00eddeo, artigos cient\u00edficos comentados, casos cl\u00ednicos e conte\u00fados internacionais traduzidos com exclusividade para o AtualizaPSI. <\/span><\/p>\n<p style=\"text-align: left;\"><span style=\"color: #000000;\">Tamb\u00e9m temos <strong><em>planos<\/em><\/strong> feitos sob medida para <strong>institui\u00e7\u00f5es de ensino e cl\u00ednicas<\/strong>, com acesso para grupos maiores de pessoas. Se voc\u00ea tem interesse em contratar um plano para sua institui\u00e7\u00e3o, basta clicar <strong><a style=\"color: #000000;\" href=\"https:\/\/atualizapsi.com.br\/fale-conosco\/\">aqui<\/a><\/strong> e nos enviar uma mensagem solicitando seu or\u00e7amento.<\/span><\/p>\n<p style=\"text-align: left;\"><span style=\"color: #000000;\"><strong>Cancele<\/strong> sua assinatura facilmente quando quiser, basta clicar <strong><a style=\"color: #000000;\" href=\"https:\/\/atualizapsi.com.br\/wp-content\/uploads\/2019\/12\/Passo-a-passo-para-cancelar.jpg\">aqui<\/a><\/strong> e seguir o passo a passo.<\/span><\/p>\n<p style=\"text-align: left;\"><span style=\"color: #000000;\"><strong><em>GARANTIA &#8211; Ao assinar nosso portal, voc\u00ea tem at\u00e9 30 dias para usar e se durante esse per\u00edodo voc\u00ea achar: &#8220;N\u00e3o, n\u00e3o vale a pena assinar!&#8221;, basta cancelar a assinatura que devolvemos o seu dinheiro, sem burocracia.<\/em><\/strong><\/span><\/p>\n<p>&nbsp;<\/p>\n","protected":false},"excerpt":{"rendered":"<p>Aqui voc\u00ea pode escolher o plano de assinatura que mais lhe agradar e assim ter acesso ilimitado a artigos de revis\u00e3o, entrevistas em v\u00eddeo, artigos cient\u00edficos comentados, casos cl\u00ednicos e conte\u00fados internacionais traduzidos com exclusividade para o AtualizaPSI. Tamb\u00e9m temos planos feitos sob medida para institui\u00e7\u00f5es de ensino e cl\u00ednicas, com acesso para grupos maiores [&hellip;]<\/p>\n","protected":false},"author":1,"featured_media":61,"parent":0,"menu_order":0,"comment_status":"closed","ping_status":"closed","template":"","meta":{"footnotes":""},"_links":{"self":[{"href":"https:\/\/atualizapsi.com.br\/pt\/wp-json\/wp\/v2\/pages\/12"}],"collection":[{"href":"https:\/\/atualizapsi.com.br\/pt\/wp-json\/wp\/v2\/pages"}],"about":[{"href":"https:\/\/atualizapsi.com.br\/pt\/wp-json\/wp\/v2\/types\/page"}],"author":[{"embeddable":true,"href":"https:\/\/atualizapsi.com.br\/pt\/wp-json\/wp\/v2\/users\/1"}],"replies":[{"embeddable":true,"href":"https:\/\/atualizapsi.com.br\/pt\/wp-json\/wp\/v2\/comments?post=12"}],"version-history":[{"count":0,"href":"https:\/\/atualizapsi.com.br\/pt\/wp-json\/wp\/v2\/pages\/12\/revisions"}],"wp:featuredmedia":[{"embeddable":true,"href":"https:\/\/atualizapsi.com.br\/pt\/wp-json\/wp\/v2\/media\/61"}],"wp:attachment":[{"href":"https:\/\/atualizapsi.com.br\/pt\/wp-json\/wp\/v2\/media?parent=12"}],"curies":[{"name":"wp","href":"https:\/\/api.w.org\/{rel}","templated":true}]}}